{"id":2060,"date":"2020-10-21T23:05:20","date_gmt":"2020-10-21T21:05:20","guid":{"rendered":"https:\/\/suedgang.de\/cms\/?page_id=2060"},"modified":"2025-10-13T00:44:48","modified_gmt":"2025-10-12T22:44:48","slug":"lageplan","status":"publish","type":"page","link":"https:\/\/suedgang.de\/cms\/lageplan\/","title":{"rendered":"Lageplan"},"content":{"rendered":"<p><div class=\"fusion-fullwidth fullwidth-box fusion-builder-row-1 fusion-flex-container nonhundred-percent-fullwidth non-hundred-percent-height-scrolling\" style=\"--awb-border-radius-top-left:0px;--awb-border-radius-top-right:0px;--awb-border-radius-bottom-right:0px;--awb-border-radius-bottom-left:0px;--awb-padding-top:8%;--awb-flex-wrap:wrap;\" ><div class=\"fusion-builder-row fusion-row fusion-flex-align-items-flex-start fusion-flex-content-wrap\" style=\"max-width:83.2%;margin-left: calc(-4% \/ 2 );margin-right: calc(-4% \/ 2 );\"><div class=\"fusion-layout-column fusion_builder_column fusion-builder-column-0 fusion_builder_column_3_4 3_4 fusion-flex-column fusion-animated\" style=\"--awb-bg-size:cover;--awb-width-large:75%;--awb-margin-top-large:0px;--awb-spacing-right-large:2.56%;--awb-margin-bottom-large:0px;--awb-spacing-left-large:2.56%;--awb-width-medium:100%;--awb-spacing-right-medium:1.92%;--awb-spacing-left-medium:1.92%;--awb-width-small:100%;--awb-spacing-right-small:1.92%;--awb-spacing-left-small:1.92%;\" data-animationType=\"fadeInLeft\" data-animationDuration=\"0.8\" data-animationOffset=\"top-into-view\"><div class=\"fusion-column-wrapper fusion-column-has-shadow fusion-flex-justify-content-flex-start fusion-content-layout-column\"><div class=\"fusion-text fusion-text-1 caption\"><p>Der Lageplan<\/p>\n<\/div><div class=\"fusion-title title fusion-title-1 fusion-sep-none fusion-title-text fusion-title-size-two\"><h2 class=\"fusion-title-heading title-heading-left fusion-responsive-typography-calculated\" style=\"margin:0;--fontSize:50;line-height:1.28;\">f\u00fcr die Rundgang-Planung&#8230;<\/h2><\/div><div class=\"fusion-separator\" style=\"align-self: flex-start;margin-right:auto;margin-top:12%;margin-bottom:4%;width:100%;max-width:32px;\"><div class=\"fusion-separator-border sep-single sep-solid\" style=\"--awb-height:20px;--awb-amount:20px;--awb-sep-color:#181818;border-color:#181818;border-top-width:2px;\"><\/div><\/div><\/div><\/div><div class=\"fusion-layout-column fusion_builder_column fusion-builder-column-1 fusion_builder_column_1_4 1_4 fusion-flex-column fusion-no-small-visibility fusion-no-medium-visibility\" style=\"--awb-bg-size:cover;--awb-width-large:25%;--awb-margin-top-large:20px;--awb-spacing-right-large:7.68%;--awb-margin-bottom-large:20px;--awb-spacing-left-large:7.68%;--awb-width-medium:100%;--awb-spacing-right-medium:1.92%;--awb-spacing-left-medium:1.92%;--awb-width-small:100%;--awb-spacing-right-small:1.92%;--awb-spacing-left-small:1.92%;\"><div class=\"fusion-column-wrapper fusion-flex-justify-content-flex-start fusion-content-layout-column\"><\/div><\/div><\/div><\/div><div class=\"fusion-fullwidth fullwidth-box fusion-builder-row-2 fusion-flex-container has-pattern-background has-mask-background hundred-percent-fullwidth non-hundred-percent-height-scrolling fusion-no-small-visibility fusion-no-medium-visibility\" style=\"--awb-border-radius-top-left:0px;--awb-border-radius-top-right:0px;--awb-border-radius-bottom-right:0px;--awb-border-radius-bottom-left:0px;--awb-padding-bottom:0%;--awb-margin-top:0px;--awb-margin-bottom:0px;--awb-flex-wrap:wrap;\" ><div class=\"fusion-builder-row fusion-row fusion-flex-align-items-stretch fusion-flex-content-wrap\" style=\"width:104% !important;max-width:104% !important;margin-left: calc(-4% \/ 2 );margin-right: calc(-4% \/ 2 );\"><div class=\"fusion-layout-column fusion_builder_column fusion-builder-column-2 fusion_builder_column_1_5 1_5 fusion-flex-column\" style=\"--awb-bg-size:cover;--awb-width-large:20%;--awb-margin-top-large:20px;--awb-spacing-right-large:0%;--awb-margin-bottom-large:20px;--awb-spacing-left-large:9.6%;--awb-width-medium:100%;--awb-spacing-right-medium:1.92%;--awb-spacing-left-medium:1.92%;--awb-width-small:100%;--awb-spacing-right-small:1.92%;--awb-spacing-left-small:1.92%;\"><div class=\"fusion-column-wrapper fusion-flex-justify-content-flex-start fusion-content-layout-column\"><\/div><\/div><div class=\"fusion-layout-column fusion_builder_column fusion-builder-column-3 fusion_builder_column_2_5 2_5 fusion-flex-column fusion-animated\" style=\"--awb-padding-top:0%;--awb-padding-bottom:0%;--awb-bg-size:cover;--awb-width-large:40%;--awb-margin-top-large:20px;--awb-spacing-right-large:8.4%;--awb-margin-bottom-large:20px;--awb-spacing-left-large:0%;--awb-width-medium:100%;--awb-order-medium:0;--awb-spacing-right-medium:1.92%;--awb-spacing-left-medium:1.92%;--awb-width-small:100%;--awb-order-small:0;--awb-spacing-right-small:1.92%;--awb-spacing-left-small:1.92%;\" data-animationType=\"fadeInLeft\" data-animationDuration=\"0.8\" data-animationOffset=\"top-into-view\" data-scroll-devices=\"small-visibility,medium-visibility,large-visibility\"><div class=\"fusion-column-wrapper fusion-column-has-shadow fusion-flex-justify-content-center fusion-content-layout-column\"><div class=\"fusion-text fusion-text-2 awb-text-cols fusion-text-columns-2\" style=\"--awb-columns:2;--awb-column-spacing:4em;--awb-column-min-width:100px;\"><p><span style=\"font-size: 22px; line-height: 1.5em;\">Freie Kunst aus Krefeld aus verschiedenen Kunstrichtungen.<\/span><\/p>\n<p>Viele Ateliers befinden sich immer noch in Stadtmitte bzw. dem S\u00fcdviertel. Aber auch au\u00dferhalb des Zentrums \u00f6ffnen SUEDGANG-Mitglieder und G\u00e4ste ihre Ateliers. Zum Beispiel in Bockum, Uerdingen oder Fischeln.<\/p>\n<p><a style=\"text-decoration: underline;\" title=\"Download Lageplan 2025\" href=\"https:\/\/suedgang.de\/cms\/wp-content\/uploads\/2025\/10\/2025-SG-Falter-org_innen.pdf\" target=\"_blank\" rel=\"noopener noreferrer\">Zur besseren Planung des Rundgangs hilft wieder unser altbew\u00e4hrter Lageplan hier zum Download.<\/a><\/p>\n<p>Der Flyer mit K\u00fcnstler\u00fcbersicht und Lageplan liegt im Stadtzentrum und in den Stadtbezirken an \u00f6ffentlichen Orten ebenfalls aus.<\/p>\n<p><a title=\"Suedgang Flyer 2025\" href=\"https:\/\/suedgang.de\/cms\/wp-content\/uploads\/2025\/10\/2025-SG-Falter-org_aussen.pdf\" target=\"_blank\" rel=\"noopener\"><img decoding=\"async\" class=\"alignleft size-full wp-image-5045\" src=\"https:\/\/suedgang.de\/cms\/wp-content\/uploads\/2025\/10\/SGFlyer2025_aussen.jpg\" alt=\"Suedgang Flyer 2025\" width=\"108\" height=\"200\" \/><\/a><a title=\"Suedgang K\u00fcnstlerverzeichnis 2025\" href=\"https:\/\/suedgang.de\/cms\/wp-content\/uploads\/2025\/10\/2025-SG-Falter-org_innen.pdf\" target=\"_blank\" rel=\"noopener\"><img decoding=\"async\" class=\"alignleft size-full wp-image-5046\" src=\"https:\/\/suedgang.de\/cms\/wp-content\/uploads\/2025\/10\/SGFlyer2025_innen.jpg\" alt=\"Suedgang Ateliers 2025\" width=\"108\" height=\"200\" \/><\/a><\/p>\n<p>Blaue Stoffbahnen und Rollups kennzeichnen die Geb\u00e4ude oder Eing\u00e4nge der SUEDGANG-Ateliers in den verschiedenen Stadtteilen.<\/p>\n<div class=\"fusion-separator fusion-full-width-sep\" style=\"align-self: center;margin-left: auto;margin-right: auto;margin-top:20px;margin-bottom:0px;width:100%;\"><\/div>\n<\/div><\/div><\/div><div class=\"fusion-layout-column fusion_builder_column fusion-builder-column-4 fusion_builder_column_2_5 2_5 fusion-flex-column fusion-animated\" style=\"--awb-overflow:hidden;--awb-bg-position:center center;--awb-bg-size:contain;--awb-border-radius:0px 0px 0px 120px;--awb-width-large:40%;--awb-margin-top-large:20px;--awb-spacing-right-large:4.8%;--awb-margin-bottom-large:20px;--awb-spacing-left-large:8.4%;--awb-width-medium:100%;--awb-order-medium:0;--awb-spacing-right-medium:1.92%;--awb-spacing-left-medium:1.92%;--awb-width-small:100%;--awb-order-small:0;--awb-spacing-right-small:1.92%;--awb-spacing-left-small:1.92%;\" data-animationType=\"fadeInRight\" data-animationDuration=\"0.8\" data-animationOffset=\"top-into-view\" data-scroll-devices=\"small-visibility,medium-visibility,large-visibility\"><div class=\"fusion-column-wrapper fusion-column-has-shadow fusion-flex-justify-content-flex-start fusion-content-layout-column\"><div class=\"fusion-separator fusion-full-width-sep\" style=\"align-self: center;margin-left: auto;margin-right: auto;margin-top:600px;width:100%;\"><\/div><\/div><\/div><\/div><\/div><div class=\"fusion-fullwidth fullwidth-box fusion-builder-row-3 fusion-flex-container hundred-percent-fullwidth non-hundred-percent-height-scrolling fusion-no-large-visibility\" style=\"--awb-border-radius-top-left:0px;--awb-border-radius-top-right:0px;--awb-border-radius-bottom-right:0px;--awb-border-radius-bottom-left:0px;--awb-padding-bottom:5%;--awb-flex-wrap:wrap;\" ><div class=\"fusion-builder-row fusion-row fusion-flex-align-items-stretch fusion-flex-content-wrap\" style=\"width:104% !important;max-width:104% !important;margin-left: calc(-4% \/ 2 );margin-right: calc(-4% \/ 2 );\"><div class=\"fusion-layout-column fusion_builder_column fusion-builder-column-5 fusion_builder_column_1_1 1_1 fusion-flex-column fusion-animated\" style=\"--awb-padding-right:10%;--awb-padding-left:10%;--awb-bg-size:cover;--awb-width-large:100%;--awb-margin-top-large:20px;--awb-spacing-right-large:1.92%;--awb-margin-bottom-large:7%;--awb-spacing-left-large:1.92%;--awb-width-medium:100%;--awb-spacing-right-medium:1.92%;--awb-spacing-left-medium:1.92%;--awb-width-small:100%;--awb-spacing-right-small:1.92%;--awb-spacing-left-small:1.92%;\" data-animationType=\"fadeInDown\" data-animationDuration=\"0.8\" data-animationOffset=\"top-into-view\"><div class=\"fusion-column-wrapper fusion-column-has-shadow fusion-flex-justify-content-center fusion-content-layout-column\"><div class=\"fusion-text fusion-text-3\"><p><span style=\"font-size: 22px; line-height: 1.5em;\">Freie Kunst aus Krefeld aus verschiedenen Kunstrichtungen.<\/span><\/p>\n<p>Viele Ateliers befinden sich immer noch in Stadtmitte bzw. dem S\u00fcdviertel. Aber auch au\u00dferhalb des Zentrums \u00f6ffnen SUEDGANG-Mitglieder und G\u00e4ste ihre Ateliers. Zum Beispiel in Bockum, Uerdingen oder Fischeln.<\/p>\n<p><a style=\"text-decoration: underline;\" title=\"Download Lageplan 2025\" href=\"https:\/\/suedgang.de\/cms\/wp-content\/uploads\/2025\/10\/2025-SG-Falter-org_innen.pdf\" target=\"_blank\" rel=\"noopener noreferrer\">Zur besseren Planung des Rundgangs hilft wieder unser altbew\u00e4hrter Lageplan hier zum Download.<\/a><\/p>\n<p>Der Flyer mit K\u00fcnstler\u00fcbersicht und Lageplan liegt im Stadtzentrum und in den Stadtbezirken an \u00f6ffentlichen Orten ebenfalls aus.<\/p>\n<p><a title=\"Suedgang Flyer 2025\" href=\"https:\/\/suedgang.de\/cms\/wp-content\/uploads\/2025\/10\/2025-SG-Falter-org_aussen.pdf\" target=\"_blank\" rel=\"noopener\"><img decoding=\"async\" class=\"alignleft size-full wp-image-5045\" src=\"https:\/\/suedgang.de\/cms\/wp-content\/uploads\/2025\/10\/SGFlyer2025_aussen.jpg\" alt=\"Suedgang Flyer 2025\" width=\"108\" height=\"200\" \/><\/a><a title=\"Suedgang K\u00fcnstlerverzeichnis 2025\" href=\"https:\/\/suedgang.de\/cms\/wp-content\/uploads\/2025\/10\/2025-SG-Falter-org_innen.pdf\" target=\"_blank\" rel=\"noopener\"><img decoding=\"async\" class=\"alignleft size-full wp-image-5046\" src=\"https:\/\/suedgang.de\/cms\/wp-content\/uploads\/2025\/10\/SGFlyer2025_innen.jpg\" alt=\"Suedgang Ateliers 2025\" width=\"108\" height=\"200\" \/><\/a><\/p>\n<p>Blaue Stoffbahnen und Rollups kennzeichnen die Geb\u00e4ude oder Eing\u00e4nge der SUEDGANG-Ateliers in den verschiedenen Stadtteilen.<\/p>\n<div class=\"fusion-separator fusion-full-width-sep\" style=\"align-self: center;margin-left: auto;margin-right: auto;margin-top:20px;width:100%;\"><\/div>\n<\/div><\/div><\/div><\/div><\/div><div class=\"fusion-fullwidth fullwidth-box fusion-builder-row-4 fusion-flex-container hundred-percent-fullwidth non-hundred-percent-height-scrolling fusion-no-large-visibility\" style=\"--awb-border-radius-top-left:0px;--awb-border-radius-top-right:0px;--awb-border-radius-bottom-right:0px;--awb-border-radius-bottom-left:0px;--awb-padding-bottom:5%;--awb-flex-wrap:wrap;\" ><div class=\"fusion-builder-row fusion-row fusion-flex-align-items-stretch fusion-flex-content-wrap\" style=\"width:104% !important;max-width:104% !important;margin-left: calc(-4% \/ 2 );margin-right: calc(-4% \/ 2 );\"><div class=\"fusion-layout-column fusion_builder_column fusion-builder-column-6 fusion_builder_column_1_1 1_1 fusion-flex-column fusion-animated\" style=\"--awb-padding-right:10%;--awb-padding-left:10%;--awb-bg-size:cover;--awb-width-large:100%;--awb-margin-top-large:20px;--awb-spacing-right-large:1.92%;--awb-margin-bottom-large:7%;--awb-spacing-left-large:1.92%;--awb-width-medium:100%;--awb-spacing-right-medium:1.92%;--awb-spacing-left-medium:1.92%;--awb-width-small:100%;--awb-spacing-right-small:1.92%;--awb-spacing-left-small:1.92%;\" data-animationType=\"fadeInDown\" data-animationDuration=\"0.8\" data-animationOffset=\"top-into-view\"><div class=\"fusion-column-wrapper fusion-column-has-shadow fusion-flex-justify-content-center fusion-content-layout-column\"><iframe src=\"https:\/\/www.google.de\/maps\/d\/embed?mid=1pgdsxu-CHnXiCFkka7-MfKkmRP-bolA&ehbc=2E312F&noprof=1\" width=\"auto\" height=\"480\"><\/iframe><\/div><\/div><\/div><\/div><\/p>\n","protected":false},"excerpt":{"rendered":"","protected":false},"author":1,"featured_media":0,"parent":0,"menu_order":0,"comment_status":"closed","ping_status":"closed","template":"100-width.php","meta":{"footnotes":""},"class_list":["post-2060","page","type-page","status-publish","hentry"],"_links":{"self":[{"href":"https:\/\/suedgang.de\/cms\/wp-json\/wp\/v2\/pages\/2060"}],"collection":[{"href":"https:\/\/suedgang.de\/cms\/wp-json\/wp\/v2\/pages"}],"about":[{"href":"https:\/\/suedgang.de\/cms\/wp-json\/wp\/v2\/types\/page"}],"author":[{"embeddable":true,"href":"https:\/\/suedgang.de\/cms\/wp-json\/wp\/v2\/users\/1"}],"replies":[{"embeddable":true,"href":"https:\/\/suedgang.de\/cms\/wp-json\/wp\/v2\/comments?post=2060"}],"version-history":[{"count":106,"href":"https:\/\/suedgang.de\/cms\/wp-json\/wp\/v2\/pages\/2060\/revisions"}],"predecessor-version":[{"id":5150,"href":"https:\/\/suedgang.de\/cms\/wp-json\/wp\/v2\/pages\/2060\/revisions\/5150"}],"wp:attachment":[{"href":"https:\/\/suedgang.de\/cms\/wp-json\/wp\/v2\/media?parent=2060"}],"curies":[{"name":"wp","href":"https:\/\/api.w.org\/{rel}","templated":true}]}}